{"id":2695,"date":"2025-05-09T15:38:22","date_gmt":"2025-05-09T13:38:22","guid":{"rendered":"https:\/\/kadakakoda.ee\/?page_id=2695"},"modified":"2025-05-18T16:52:56","modified_gmt":"2025-05-18T14:52:56","slug":"privacy-policy","status":"publish","type":"page","link":"https:\/\/kadakakoda.ee\/en\/privacy-policy\/","title":{"rendered":"Privacy Policy"},"content":{"rendered":"<div data-elementor-type=\"wp-page\" data-elementor-id=\"2695\" class=\"elementor elementor-2695\">\n\t\t\t\t<div class=\"elementor-element elementor-element-d4537aa e-grid e-con-boxed e-con e-parent\" data-id=\"d4537aa\" data-element_type=\"container\" data-e-type=\"container\">\n\t\t\t\t\t<div class=\"e-con-inner\">\n\t\t\t\t<div class=\"elementor-element elementor-element-29b3db3 elementor-widget elementor-widget-heading\" data-id=\"29b3db3\" data-element_type=\"widget\" data-e-type=\"widget\" data-widget_type=\"heading.default\">\n\t\t\t\t<div class=\"elementor-widget-container\">\n\t\t\t\t\t<h1 class=\"elementor-heading-title elementor-size-default\">Privacy Policy<\/h1>\t\t\t\t<\/div>\n\t\t\t\t<\/div>\n\t\t\t\t<div class=\"elementor-element elementor-element-f9e8394 elementor-widget elementor-widget-text-editor\" data-id=\"f9e8394\" data-element_type=\"widget\" data-e-type=\"widget\" data-widget_type=\"text-editor.default\">\n\t\t\t\t<div class=\"elementor-widget-container\">\n\t\t\t\t\t\t\t\t\t<p>Last updated: May 9, 2025<\/p><p>This privacy policy explains how we collect, use, process and protect your personal data in accordance with the European Union General Data Protection Regulation (GDPR) and other applicable laws.<\/p><h4>1. Who is responsible for your data?<\/h4><p>The data processor is: A-Orbu O\u00dc, Orbu farm, Leedri, 93316 Saaremaa, e-mail: <a href=\"mailto:saaremaa@kadakakoda.ee\" target=\"_blank\" rel=\"noopener\">saaremaa@kadakakoda.ee<\/a><\/p><h4>2. What data do we collect?<\/h4><p>We may collect the following data when you visit our website or use our services:\u00a0<\/p><ul><li>Personal data: name, email address, telephone number, delivery address (e.g. when placing an order).\u00a0<\/li><li>Other data: information that you voluntarily share with us (e.g. via a contact form).<\/li><\/ul><h4>3. How do we collect data?<\/h4><p>We collect data in the following ways:\u00a0<\/p><ul><li>Directly from you: when you fill out a contact form, place an order, or book a service.<\/li><li>Automatically: through cookies and analytics tools (e.g. Google Analytics) that collect technical data about your visit to the website.<\/li><\/ul><h4>4. What do we use your data for?<\/h4><p>We process your data for the following purposes:\u00a0<\/p><ul><li>Processing orders and providing services.\u00a0<\/li><li>Improving the website experience (e.g. through analytics)\u00a0 \u00a0<\/li><li>Fulfilling legal obligations (e.g. accounting).<\/li><\/ul><h4>5. Legal basis for processing data<\/h4><p>We process your data on the following legal grounds:\u00a0<\/p><ul><li>Contract: to fulfill orders or provide services.\u00a0 \u00a0<\/li><li>Legitimate interest: to improve the functioning of the website and services.\u00a0<\/li><li>Legal obligation: e.g. tax and accounting requirements.<\/li><\/ul><h4>6. How do we protect your data?<\/h4><p>We take appropriate technical and organizational measures to protect your data from unauthorized access, loss or misuse. For example:\u00a0<\/p><ul><li>We use a secure SSL connection (https:\/\/).\u00a0<\/li><li>We store data on secure servers.\u00a0<\/li><li>We limit access to your data to authorized persons only.<\/li><\/ul><h4>7. Who do we share your data with?<\/h4><p>We may share your data with:\u00a0<\/p><ul><li>Service providers: e.g., transport companies who help us provide services.<\/li><\/ul><p>We do not sell or transfer your data to third parties for marketing purposes without your explicit consent.<\/p><h4>8. Your rights<\/h4><p>You have the following rights in relation to your personal data:\u00a0<\/p><ul><li>The right to access your data.\u00a0<\/li><li>The right to request correction or deletion of data.\u00a0<\/li><li>The right to restrict or prohibit data processing.\u00a0<\/li><li>The right to file a complaint with the Data Protection Inspectorate (www.aki.ee).<a href=\"https:\/\/www.aki.ee\/\" target=\"_blank\" rel=\"noopener\">www.aki.ee<\/a>).<\/li><\/ul><h4>9. How long do we store your data?<\/h4><p>We store your data for as long as necessary to fulfill the purposes or comply with legal obligations. For example:\u00a0<\/p><ul><li>We store order data in accordance with the Accounting Act (usually 7 years).\u00a0<\/li><\/ul><p>If you have any questions or concerns, please contact us:<\/p><p>E-mail: <a href=\"mailto:saaremaa@kadakakoda.ee\" target=\"_blank\" rel=\"noopener\">saaremaa@kadakakoda.ee<\/a><\/p>\t\t\t\t\t\t\t\t<\/div>\n\t\t\t\t<\/div>\n\t\t\t\t\t<\/div>\n\t\t\t\t<\/div>\n\t\t\t\t<\/div>","protected":false},"excerpt":{"rendered":"<p>Privaatsuspoliitika Viimati uuendatud: 9. mai 2025 K\u00e4esolev privaatsuspoliitika selgitab, kuidas me kogume, kasutame, t\u00f6\u00f6tleme ja kaitseme teie isikuandmeid vastavalt Euroopa [&hellip;]<\/p>\n","protected":false},"author":1,"featured_media":0,"parent":0,"menu_order":0,"comment_status":"closed","ping_status":"closed","template":"","meta":{"_monsterinsights_skip_tracking":false,"_monsterinsights_sitenote_active":false,"_monsterinsights_sitenote_note":"","_monsterinsights_sitenote_category":0,"site-sidebar-layout":"no-sidebar","site-content-layout":"","ast-site-content-layout":"full-width-container","site-content-style":"default","site-sidebar-style":"default","ast-global-header-display":"","ast-banner-title-visibility":"","ast-main-header-display":"","ast-hfb-above-header-display":"","ast-hfb-below-header-display":"","ast-hfb-mobile-header-display":"","site-post-title":"disabled","ast-breadcrumbs-content":"","ast-featured-img":"disabled","footer-sml-layout":"","ast-disable-related-posts":"","theme-transparent-header-meta":"","adv-header-id-meta":"","stick-header-meta":"","header-above-stick-meta":"","header-main-stick-meta":"","header-below-stick-meta":"","astra-migrate-meta-layouts":"default","ast-page-background-enabled":"default","ast-page-background-meta":{"desktop":{"background-color":"var(--ast-global-color-4)","background-image":"","background-repeat":"repeat","background-position":"center center","background-size":"auto","background-attachment":"scroll","background-type":"","background-media":"","overlay-type":"","overlay-color":"","overlay-opacity":"","overlay-gradient":""},"tablet":{"background-color":"","background-image":"","background-repeat":"repeat","background-position":"center center","background-size":"auto","background-attachment":"scroll","background-type":"","background-media":"","overlay-type":"","overlay-color":"","overlay-opacity":"","overlay-gradient":""},"mobile":{"background-color":"","background-image":"","background-repeat":"repeat","background-position":"center center","background-size":"auto","background-attachment":"scroll","background-type":"","background-media":"","overlay-type":"","overlay-color":"","overlay-opacity":"","overlay-gradient":""}},"ast-content-background-meta":{"desktop":{"background-color":"var(--ast-global-color-5)","background-image":"","background-repeat":"repeat","background-position":"center center","background-size":"auto","background-attachment":"scroll","background-type":"","background-media":"","overlay-type":"","overlay-color":"","overlay-opacity":"","overlay-gradient":""},"tablet":{"background-color":"var(--ast-global-color-5)","background-image":"","background-repeat":"repeat","background-position":"center center","background-size":"auto","background-attachment":"scroll","background-type":"","background-media":"","overlay-type":"","overlay-color":"","overlay-opacity":"","overlay-gradient":""},"mobile":{"background-color":"var(--ast-global-color-5)","background-image":"","background-repeat":"repeat","background-position":"center center","background-size":"auto","background-attachment":"scroll","background-type":"","background-media":"","overlay-type":"","overlay-color":"","overlay-opacity":"","overlay-gradient":""}},"footnotes":""},"class_list":["post-2695","page","type-page","status-publish","hentry"],"_links":{"self":[{"href":"https:\/\/kadakakoda.ee\/en\/wp-json\/wp\/v2\/pages\/2695","targetHints":{"allow":["GET"]}}],"collection":[{"href":"https:\/\/kadakakoda.ee\/en\/wp-json\/wp\/v2\/pages"}],"about":[{"href":"https:\/\/kadakakoda.ee\/en\/wp-json\/wp\/v2\/types\/page"}],"author":[{"embeddable":true,"href":"https:\/\/kadakakoda.ee\/en\/wp-json\/wp\/v2\/users\/1"}],"replies":[{"embeddable":true,"href":"https:\/\/kadakakoda.ee\/en\/wp-json\/wp\/v2\/comments?post=2695"}],"version-history":[{"count":6,"href":"https:\/\/kadakakoda.ee\/en\/wp-json\/wp\/v2\/pages\/2695\/revisions"}],"predecessor-version":[{"id":3360,"href":"https:\/\/kadakakoda.ee\/en\/wp-json\/wp\/v2\/pages\/2695\/revisions\/3360"}],"wp:attachment":[{"href":"https:\/\/kadakakoda.ee\/en\/wp-json\/wp\/v2\/media?parent=2695"}],"curies":[{"name":"wp","href":"https:\/\/api.w.org\/{rel}","templated":true}]}}